{"id":15,"date":"2024-02-01T13:16:43","date_gmt":"2024-02-01T13:16:43","guid":{"rendered":"http:\/\/mas-du-tilleul.com\/?page_id=15"},"modified":"2024-07-15T12:54:10","modified_gmt":"2024-07-15T12:54:10","slug":"les-gites","status":"publish","type":"page","link":"https:\/\/lesgitesfleuries.com\/de\/die-unterkunfte","title":{"rendered":"Die Unterk\u00fcnfte"},"content":{"rendered":"","protected":false},"excerpt":{"rendered":"","protected":false},"author":2,"featured_media":1359,"parent":0,"menu_order":0,"comment_status":"closed","ping_status":"closed","template":"","meta":{"footnotes":""},"class_list":["post-15","page","type-page","status-publish","has-post-thumbnail","czr-hentry"],"yoast_head":"<!-- This site is optimized with the Yoast SEO plugin v27.3 - https:\/\/yoast.com\/product\/yoast-seo-wordpress\/ -->\n<title>Location saisonni\u00e8re \u00e0 Saint-R\u00e9my-de-Provence - Les Gites Fleuries<\/title>\n<meta name=\"description\" content=\"Les Gites Fleuries - Location saisonni\u00e8re \u00e0 Saint-R\u00e9my-de-Provence - D\u00e9couvrez nos 3 g\u00eetes de charme disponibles en location saisonni\u00e8re\" \/>\n<meta name=\"robots\" content=\"index, follow, max-snippet:-1, max-image-preview:large, max-video-preview:-1\" \/>\n<link rel=\"canonical\" href=\"https:\/\/lesgitesfleuries.com\/de\/les-gites\/\" \/>\n<meta property=\"og:locale\" content=\"de_DE\" \/>\n<meta property=\"og:type\" content=\"article\" \/>\n<meta property=\"og:title\" content=\"Location saisonni\u00e8re \u00e0 Saint-R\u00e9my-de-Provence - Les Gites Fleuries\" \/>\n<meta property=\"og:description\" content=\"Les Gites Fleuries - Location saisonni\u00e8re \u00e0 Saint-R\u00e9my-de-Provence - D\u00e9couvrez nos 3 g\u00eetes de charme disponibles en location saisonni\u00e8re\" \/>\n<meta property=\"og:url\" content=\"https:\/\/lesgitesfleuries.com\/de\/les-gites\/\" \/>\n<meta property=\"og:site_name\" content=\"Les Gites Fleuries\" \/>\n<meta property=\"article:modified_time\" content=\"2024-07-15T12:54:10+00:00\" \/>\n<meta property=\"og:image\" content=\"https:\/\/lesgitesfleuries.com\/wp-content\/uploads\/2024\/06\/IMG_5589.jpeg\" \/>\n\t<meta property=\"og:image:width\" content=\"1536\" \/>\n\t<meta property=\"og:image:height\" content=\"2048\" \/>\n\t<meta property=\"og:image:type\" content=\"image\/jpeg\" \/>\n<meta name=\"twitter:card\" content=\"summary_large_image\" \/>\n<meta name=\"twitter:label1\" content=\"Gesch\u00e4tzte Lesezeit\" \/>\n\t<meta name=\"twitter:data1\" content=\"7\u00a0Minuten\" \/>\n<script type=\"application\/ld+json\" class=\"yoast-schema-graph\">{\"@context\":\"https:\\\/\\\/schema.org\",\"@graph\":[{\"@type\":[\"WebPage\",\"SearchResultsPage\"],\"@id\":\"https:\\\/\\\/lesgitesfleuries.com\\\/nl\\\/les-gites\",\"url\":\"https:\\\/\\\/lesgitesfleuries.com\\\/nl\\\/les-gites\",\"name\":\"Location saisonni\u00e8re \u00e0 Saint-R\u00e9my-de-Provence - Les Gites Fleuries\",\"isPartOf\":{\"@id\":\"https:\\\/\\\/lesgitesfleuries.com\\\/nl\\\/#website\"},\"primaryImageOfPage\":{\"@id\":\"https:\\\/\\\/lesgitesfleuries.com\\\/nl\\\/les-gites#primaryimage\"},\"image\":{\"@id\":\"https:\\\/\\\/lesgitesfleuries.com\\\/nl\\\/les-gites#primaryimage\"},\"thumbnailUrl\":\"https:\\\/\\\/lesgitesfleuries.com\\\/wp-content\\\/uploads\\\/2024\\\/06\\\/IMG_5589.jpeg\",\"datePublished\":\"2024-02-01T13:16:43+00:00\",\"dateModified\":\"2024-07-15T12:54:10+00:00\",\"description\":\"Les Gites Fleuries - Location saisonni\u00e8re \u00e0 Saint-R\u00e9my-de-Provence - D\u00e9couvrez nos 3 g\u00eetes de charme disponibles en location saisonni\u00e8re\",\"breadcrumb\":{\"@id\":\"https:\\\/\\\/lesgitesfleuries.com\\\/nl\\\/les-gites#breadcrumb\"},\"inLanguage\":\"de\",\"potentialAction\":[{\"@type\":\"ReadAction\",\"target\":[\"https:\\\/\\\/lesgitesfleuries.com\\\/nl\\\/les-gites\"]}]},{\"@type\":\"ImageObject\",\"inLanguage\":\"de\",\"@id\":\"https:\\\/\\\/lesgitesfleuries.com\\\/nl\\\/les-gites#primaryimage\",\"url\":\"https:\\\/\\\/lesgitesfleuries.com\\\/wp-content\\\/uploads\\\/2024\\\/06\\\/IMG_5589.jpeg\",\"contentUrl\":\"https:\\\/\\\/lesgitesfleuries.com\\\/wp-content\\\/uploads\\\/2024\\\/06\\\/IMG_5589.jpeg\",\"width\":1536,\"height\":2048},{\"@type\":\"BreadcrumbList\",\"@id\":\"https:\\\/\\\/lesgitesfleuries.com\\\/nl\\\/les-gites#breadcrumb\",\"itemListElement\":[{\"@type\":\"ListItem\",\"position\":1,\"name\":\"Accueil\",\"item\":\"https:\\\/\\\/lesgitesfleuries.com\\\/\"},{\"@type\":\"ListItem\",\"position\":2,\"name\":\"Les G\u00eetes\"}]},{\"@type\":\"WebSite\",\"@id\":\"https:\\\/\\\/lesgitesfleuries.com\\\/nl\\\/#website\",\"url\":\"https:\\\/\\\/lesgitesfleuries.com\\\/nl\\\/\",\"name\":\"Les Gites Fleuries\",\"description\":\"\",\"publisher\":{\"@id\":\"https:\\\/\\\/lesgitesfleuries.com\\\/nl\\\/#organization\"},\"potentialAction\":[{\"@type\":\"SearchAction\",\"target\":{\"@type\":\"EntryPoint\",\"urlTemplate\":\"https:\\\/\\\/lesgitesfleuries.com\\\/nl\\\/?s={search_term_string}\"},\"query-input\":{\"@type\":\"PropertyValueSpecification\",\"valueRequired\":true,\"valueName\":\"search_term_string\"}}],\"inLanguage\":\"de\"},{\"@type\":\"Organization\",\"@id\":\"https:\\\/\\\/lesgitesfleuries.com\\\/nl\\\/#organization\",\"name\":\"Les Gites Fleuries\",\"url\":\"https:\\\/\\\/lesgitesfleuries.com\\\/nl\\\/\",\"logo\":{\"@type\":\"ImageObject\",\"inLanguage\":\"de\",\"@id\":\"https:\\\/\\\/lesgitesfleuries.com\\\/nl\\\/#\\\/schema\\\/logo\\\/image\\\/\",\"url\":\"https:\\\/\\\/lesgitesfleuries.com\\\/wp-content\\\/uploads\\\/2024\\\/06\\\/Les-Gites-Fleuries-logo-noir.png\",\"contentUrl\":\"https:\\\/\\\/lesgitesfleuries.com\\\/wp-content\\\/uploads\\\/2024\\\/06\\\/Les-Gites-Fleuries-logo-noir.png\",\"width\":576,\"height\":92,\"caption\":\"Les Gites Fleuries\"},\"image\":{\"@id\":\"https:\\\/\\\/lesgitesfleuries.com\\\/nl\\\/#\\\/schema\\\/logo\\\/image\\\/\"}}]}<\/script>\n<!-- \/ Yoast SEO plugin. -->","yoast_head_json":{"title":"Saisonvermietungen in Saint-R\u00e9my-de-Provence - Les Gites Fleuries","description":"Les Gites Fleuries - Saisonvermietungen in Saint-R\u00e9my-de-Provence - Entdecken Sie unsere 3 charmanten Ferienh\u00e4user, die zur Vermietung angeboten werden.","robots":{"index":"index","follow":"follow","max-snippet":"max-snippet:-1","max-image-preview":"max-image-preview:large","max-video-preview":"max-video-preview:-1"},"canonical":"https:\/\/lesgitesfleuries.com\/de\/les-gites\/","og_locale":"de_DE","og_type":"article","og_title":"Location saisonni\u00e8re \u00e0 Saint-R\u00e9my-de-Provence - Les Gites Fleuries","og_description":"Les Gites Fleuries - Location saisonni\u00e8re \u00e0 Saint-R\u00e9my-de-Provence - D\u00e9couvrez nos 3 g\u00eetes de charme disponibles en location saisonni\u00e8re","og_url":"https:\/\/lesgitesfleuries.com\/de\/les-gites\/","og_site_name":"Les Gites Fleuries","article_modified_time":"2024-07-15T12:54:10+00:00","og_image":[{"width":1536,"height":2048,"url":"https:\/\/lesgitesfleuries.com\/wp-content\/uploads\/2024\/06\/IMG_5589.jpeg","type":"image\/jpeg"}],"twitter_card":"summary_large_image","twitter_misc":{"Gesch\u00e4tzte Lesezeit":"7\u00a0Minuten"},"schema":{"@context":"https:\/\/schema.org","@graph":[{"@type":["WebPage","SearchResultsPage"],"@id":"https:\/\/lesgitesfleuries.com\/nl\/les-gites","url":"https:\/\/lesgitesfleuries.com\/nl\/les-gites","name":"Saisonvermietungen in Saint-R\u00e9my-de-Provence - Les Gites Fleuries","isPartOf":{"@id":"https:\/\/lesgitesfleuries.com\/nl\/#website"},"primaryImageOfPage":{"@id":"https:\/\/lesgitesfleuries.com\/nl\/les-gites#primaryimage"},"image":{"@id":"https:\/\/lesgitesfleuries.com\/nl\/les-gites#primaryimage"},"thumbnailUrl":"https:\/\/lesgitesfleuries.com\/wp-content\/uploads\/2024\/06\/IMG_5589.jpeg","datePublished":"2024-02-01T13:16:43+00:00","dateModified":"2024-07-15T12:54:10+00:00","description":"Les Gites Fleuries - Saisonvermietungen in Saint-R\u00e9my-de-Provence - Entdecken Sie unsere 3 charmanten Ferienh\u00e4user, die zur Vermietung angeboten werden.","breadcrumb":{"@id":"https:\/\/lesgitesfleuries.com\/nl\/les-gites#breadcrumb"},"inLanguage":"de","potentialAction":[{"@type":"ReadAction","target":["https:\/\/lesgitesfleuries.com\/nl\/les-gites"]}]},{"@type":"ImageObject","inLanguage":"de","@id":"https:\/\/lesgitesfleuries.com\/nl\/les-gites#primaryimage","url":"https:\/\/lesgitesfleuries.com\/wp-content\/uploads\/2024\/06\/IMG_5589.jpeg","contentUrl":"https:\/\/lesgitesfleuries.com\/wp-content\/uploads\/2024\/06\/IMG_5589.jpeg","width":1536,"height":2048},{"@type":"BreadcrumbList","@id":"https:\/\/lesgitesfleuries.com\/nl\/les-gites#breadcrumb","itemListElement":[{"@type":"ListItem","position":1,"name":"Accueil","item":"https:\/\/lesgitesfleuries.com\/"},{"@type":"ListItem","position":2,"name":"Les G\u00eetes"}]},{"@type":"WebSite","@id":"https:\/\/lesgitesfleuries.com\/nl\/#website","url":"https:\/\/lesgitesfleuries.com\/nl\/","name":"Les Gites Fleuries","description":"","publisher":{"@id":"https:\/\/lesgitesfleuries.com\/nl\/#organization"},"potentialAction":[{"@type":"SearchAction","target":{"@type":"EntryPoint","urlTemplate":"https:\/\/lesgitesfleuries.com\/nl\/?s={search_term_string}"},"query-input":{"@type":"PropertyValueSpecification","valueRequired":true,"valueName":"search_term_string"}}],"inLanguage":"de"},{"@type":"Organization","@id":"https:\/\/lesgitesfleuries.com\/nl\/#organization","name":"Les Gites Fleuries","url":"https:\/\/lesgitesfleuries.com\/nl\/","logo":{"@type":"ImageObject","inLanguage":"de","@id":"https:\/\/lesgitesfleuries.com\/nl\/#\/schema\/logo\/image\/","url":"https:\/\/lesgitesfleuries.com\/wp-content\/uploads\/2024\/06\/Les-Gites-Fleuries-logo-noir.png","contentUrl":"https:\/\/lesgitesfleuries.com\/wp-content\/uploads\/2024\/06\/Les-Gites-Fleuries-logo-noir.png","width":576,"height":92,"caption":"Les Gites Fleuries"},"image":{"@id":"https:\/\/lesgitesfleuries.com\/nl\/#\/schema\/logo\/image\/"}}]}},"_links":{"self":[{"href":"https:\/\/lesgitesfleuries.com\/de\/wp-json\/wp\/v2\/pages\/15","targetHints":{"allow":["GET"]}}],"collection":[{"href":"https:\/\/lesgitesfleuries.com\/de\/wp-json\/wp\/v2\/pages"}],"about":[{"href":"https:\/\/lesgitesfleuries.com\/de\/wp-json\/wp\/v2\/types\/page"}],"author":[{"embeddable":true,"href":"https:\/\/lesgitesfleuries.com\/de\/wp-json\/wp\/v2\/users\/2"}],"replies":[{"embeddable":true,"href":"https:\/\/lesgitesfleuries.com\/de\/wp-json\/wp\/v2\/comments?post=15"}],"version-history":[{"count":3,"href":"https:\/\/lesgitesfleuries.com\/de\/wp-json\/wp\/v2\/pages\/15\/revisions"}],"predecessor-version":[{"id":3082,"href":"https:\/\/lesgitesfleuries.com\/de\/wp-json\/wp\/v2\/pages\/15\/revisions\/3082"}],"wp:featuredmedia":[{"embeddable":true,"href":"https:\/\/lesgitesfleuries.com\/de\/wp-json\/wp\/v2\/media\/1359"}],"wp:attachment":[{"href":"https:\/\/lesgitesfleuries.com\/de\/wp-json\/wp\/v2\/media?parent=15"}],"curies":[{"name":"wp","href":"https:\/\/api.w.org\/{rel}","templated":true}]}}